{"id":14770,"date":"2015-11-05T00:11:23","date_gmt":"2015-11-05T00:11:23","guid":{"rendered":"http:\/\/www.tessilmare.com\/?product=custodia-per-sixty"},"modified":"2022-06-07T15:06:01","modified_gmt":"2022-06-07T13:06:01","slug":"storage-bag-for-sixty","status":"publish","type":"product","link":"https:\/\/www.tessilmare.com\/en\/product\/storage-bag-for-sixty\/","title":{"rendered":"STORAGE BAG FOR SIXTY"},"content":{"rendered":"<p><strong>TENDALINI COMPLETI TESSILMARE<\/strong><\/p>\n<p>Dinamismo creativo e ricerca tecnologica sono le premesse fondamentali per la nascita di una capottina di qualit\u00e0, ma \u00e8 soprattutto grazie ai ripetuti collaudi in galleria del vento che acquista i requisiti di affidabilit\u00e0 ormai indispensabili per sostenere le elevate performance che un mercato in costante evoluzione richiede.<\/p>\n<p>Forte degli alti standard qualitativi, Tessilmare estende la GARANZIA A VITA su l\u2019intera gamma di capottine.<\/p>\n<p>Selezione dei materiali e controllo delle fasi di lavorazione sono tratti distintivi dell\u2019identit\u00e0 di Tessilmare, che gestisce nei propri stabilimenti l\u2019intero ciclo produttivo, affidando da oltre 30 anni la fornitura delle materie prime agli stessi collaboratori locali, sostenendo nel radicamento al territorio l\u2019espressione del made in Italy.<\/p>\n","protected":false},"excerpt":{"rendered":"<p>STORAGE BAG for SIXTY<\/p>\n","protected":false},"featured_media":14769,"template":"","meta":[],"product_brand":[],"product_cat":[44],"product_tag":[],"woo-feed-brand":[],"class_list":{"0":"post-14770","1":"product","2":"type-product","3":"status-publish","4":"has-post-thumbnail","6":"product_cat-sun-tops-spare-parts","8":"first","9":"instock","10":"purchasable","11":"product-type-variable"},"_links":{"self":[{"href":"https:\/\/www.tessilmare.com\/en\/wp-json\/wp\/v2\/product\/14770","targetHints":{"allow":["GET"]}}],"collection":[{"href":"https:\/\/www.tessilmare.com\/en\/wp-json\/wp\/v2\/product"}],"about":[{"href":"https:\/\/www.tessilmare.com\/en\/wp-json\/wp\/v2\/types\/product"}],"wp:featuredmedia":[{"embeddable":true,"href":"https:\/\/www.tessilmare.com\/en\/wp-json\/wp\/v2\/media\/14769"}],"wp:attachment":[{"href":"https:\/\/www.tessilmare.com\/en\/wp-json\/wp\/v2\/media?parent=14770"}],"wp:term":[{"taxonomy":"product_brand","embeddable":true,"href":"https:\/\/www.tessilmare.com\/en\/wp-json\/wp\/v2\/product_brand?post=14770"},{"taxonomy":"product_cat","embeddable":true,"href":"https:\/\/www.tessilmare.com\/en\/wp-json\/wp\/v2\/product_cat?post=14770"},{"taxonomy":"product_tag","embeddable":true,"href":"https:\/\/www.tessilmare.com\/en\/wp-json\/wp\/v2\/product_tag?post=14770"},{"taxonomy":"woo-feed-brand","embeddable":true,"href":"https:\/\/www.tessilmare.com\/en\/wp-json\/wp\/v2\/woo-feed-brand?post=14770"}],"curies":[{"name":"wp","href":"https:\/\/api.w.org\/{rel}","templated":true}]}}